{"id":389,"date":"2016-07-08T14:47:14","date_gmt":"2016-07-08T14:47:14","guid":{"rendered":"https:\/\/www.antoniollarden.es\/?page_id=389"},"modified":"2016-07-11T15:14:40","modified_gmt":"2016-07-11T15:14:40","slug":"home-2","status":"publish","type":"page","link":"https:\/\/www.antoniollarden.es\/en\/","title":{"rendered":""},"content":{"rendered":"<p>[et_pb_section admin_label=&#8221;section&#8221; background_image=&#8221;https:\/\/www.antoniollarden.es\/wp-content\/uploads\/2015\/12\/faldon-2.jpg&#8221; transparent_background=&#8221;off&#8221; allow_player_pause=&#8221;off&#8221; inner_shadow=&#8221;off&#8221; parallax=&#8221;off&#8221; parallax_method=&#8221;off&#8221; padding_mobile=&#8221;off&#8221; make_fullwidth=&#8221;off&#8221; use_custom_width=&#8221;off&#8221; width_unit=&#8221;on&#8221; make_equal=&#8221;off&#8221; use_custom_gutter=&#8221;off&#8221; gutter_width=&#8221;3&#8243; custom_padding=&#8221;100px||100px|&#8221;][et_pb_row admin_label=&#8221;Fila&#8221;][et_pb_column type=&#8221;1_2&#8243;][\/et_pb_column][et_pb_column type=&#8221;1_2&#8243;][et_pb_text admin_label=&#8221;Texto&#8221; background_layout=&#8221;dark&#8221; text_orientation=&#8221;right&#8221; text_font_size=&#8221;14&#8243; use_border_color=&#8221;off&#8221; border_color=&#8221;#ffffff&#8221; border_style=&#8221;solid&#8221;]<\/p>\n<h2 style=\"text-align: right;\"><em>&#8220;It is not possible to lead the energy sector without understanding the socio-political context. A global vision is needed, because energy is a sector without frontiers&#8221;<\/em><\/h2>\n<p>[\/et_pb_text][\/et_pb_column][\/et_pb_row][\/et_pb_section][et_pb_section admin_label=&#8221;Secci\u00f3n&#8221; fullwidth=&#8221;off&#8221; specialty=&#8221;off&#8221; transparent_background=&#8221;off&#8221; background_color=&#8221;#c2be00&#8243; allow_player_pause=&#8221;off&#8221; inner_shadow=&#8221;off&#8221; parallax=&#8221;off&#8221; parallax_method=&#8221;off&#8221; padding_mobile=&#8221;off&#8221; make_fullwidth=&#8221;off&#8221; use_custom_width=&#8221;off&#8221; width_unit=&#8221;on&#8221; make_equal=&#8221;off&#8221; use_custom_gutter=&#8221;off&#8221; gutter_width=&#8221;3&#8243; custom_padding=&#8221;5px||0px|&#8221;][et_pb_row admin_label=&#8221;Fila&#8221; make_fullwidth=&#8221;off&#8221; use_custom_width=&#8221;off&#8221; width_unit=&#8221;on&#8221; use_custom_gutter=&#8221;off&#8221; gutter_width=&#8221;3&#8243; padding_mobile=&#8221;off&#8221; custom_margin=&#8221;0px||0px|&#8221; allow_player_pause=&#8221;off&#8221; parallax=&#8221;off&#8221; parallax_method=&#8221;off&#8221; make_equal=&#8221;off&#8221; parallax_1=&#8221;off&#8221; parallax_method_1=&#8221;off&#8221; column_padding_mobile=&#8221;on&#8221;][et_pb_column type=&#8221;4_4&#8243;][et_pb_text admin_label=&#8221;Texto&#8221; background_layout=&#8221;dark&#8221; text_orientation=&#8221;center&#8221; text_font_size=&#8221;14&#8243; use_border_color=&#8221;off&#8221; border_color=&#8221;#ffffff&#8221; border_style=&#8221;solid&#8221;]<\/p>\n<h2 style=\"text-align: left;\">Last articles<\/h2>\n<p>[\/et_pb_text][\/et_pb_column][\/et_pb_row][\/et_pb_section][et_pb_section admin_label=&#8221;Secci\u00f3n&#8221; fullwidth=&#8221;off&#8221; specialty=&#8221;off&#8221; transparent_background=&#8221;off&#8221; background_color=&#8221;#f8f8f8&#8243; allow_player_pause=&#8221;off&#8221; inner_shadow=&#8221;off&#8221; parallax=&#8221;off&#8221; parallax_method=&#8221;off&#8221; padding_mobile=&#8221;off&#8221; make_fullwidth=&#8221;off&#8221; use_custom_width=&#8221;off&#8221; width_unit=&#8221;on&#8221; make_equal=&#8221;off&#8221; use_custom_gutter=&#8221;off&#8221; gutter_width=&#8221;3&#8243;][et_pb_row admin_label=&#8221;Fila&#8221;][et_pb_column type=&#8221;4_4&#8243;][et_pb_text admin_label=&#8221;Texto&#8221; background_layout=&#8221;light&#8221; text_orientation=&#8221;left&#8221; text_font_size=&#8221;14&#8243; use_border_color=&#8221;off&#8221; border_color=&#8221;#ffffff&#8221; border_style=&#8221;solid&#8221;]<\/p>\n<div class=\"et_pb_column et_pb_column_1_3 et_pb_column_4\"><div class=\"et_pb_text et_pb_module et_pb_bg_layout_light et_pb_text_align_left  et_pb_text_2\"><img loading=\"lazy\" decoding=\"async\" width=\"794\" height=\"496\" src=\"https:\/\/www.antoniollarden.es\/wp-content\/uploads\/2024\/07\/WhatsApp-Image-2024-06-12-at-14.44.23-5.png\" class=\"attachment-post-thumbnail size-post-thumbnail wp-post-image\" alt=\"\" srcset=\"https:\/\/www.antoniollarden.es\/wp-content\/uploads\/2024\/07\/WhatsApp-Image-2024-06-12-at-14.44.23-5.png 794w, https:\/\/www.antoniollarden.es\/wp-content\/uploads\/2024\/07\/WhatsApp-Image-2024-06-12-at-14.44.23-5-480x300.png 480w\" sizes=\"auto, (min-width: 0px) and (max-width: 480px) 480px, (min-width: 481px) 794px, 100vw\" \/><h3><a href=\"https:\/\/www.antoniollarden.es\/en\/articulo\/corporate-governance-a-pillar-of-the-listed-company\/\">Corporate Governance, a pillar of the listed company<\/a><\/h3><p>Emisores Espa\u00f1oles, on the occasion of its fifteenth anniversary, gave me the opportunity to moderate the round table Achievements of the securities market from the regulator\u2019s perspective with three former chairs of the National Securities Market Commission (CNMV) over the last twenty years.<\/p><p><a href=\"https:\/\/www.antoniollarden.es\/en\/articulo\/corporate-governance-a-pillar-of-the-listed-company\/\">...read more...<\/a><\/div><\/div><div class=\"et_pb_column et_pb_column_1_3 et_pb_column_5\"><div class=\"et_pb_text et_pb_module et_pb_bg_layout_light et_pb_text_align_left  et_pb_text_3\"><img loading=\"lazy\" decoding=\"async\" width=\"794\" height=\"496\" src=\"https:\/\/www.antoniollarden.es\/wp-content\/uploads\/2024\/03\/Diseno-sin-titulo-37.png\" class=\"attachment-post-thumbnail size-post-thumbnail wp-post-image\" alt=\"\" srcset=\"https:\/\/www.antoniollarden.es\/wp-content\/uploads\/2024\/03\/Diseno-sin-titulo-37.png 794w, https:\/\/www.antoniollarden.es\/wp-content\/uploads\/2024\/03\/Diseno-sin-titulo-37-480x300.png 480w\" sizes=\"auto, (min-width: 0px) and (max-width: 480px) 480px, (min-width: 481px) 794px, 100vw\" \/><h3><a href=\"https:\/\/www.antoniollarden.es\/en\/articulo\/disruption-and-experience-the-formula-for-success-in-the-green-transition\/\">Disruption and experience, the formula for success in the green transition<\/a><\/h3><p>This is the case of the energy transition in which we are immersed. Europe is the world leader in renewable hydrogen projects, with a projected investment in the entire value chain of between 320 and 460 billion euros by 2030, according to the European Commission.<\/p><p><a href=\"https:\/\/www.antoniollarden.es\/en\/articulo\/disruption-and-experience-the-formula-for-success-in-the-green-transition\/\">...read more...<\/a><\/div><\/div><div class=\"et_pb_column et_pb_column_1_3 et_pb_column_6\"><div class=\"et_pb_text et_pb_module et_pb_bg_layout_light et_pb_text_align_left  et_pb_text_4\"><img loading=\"lazy\" decoding=\"async\" width=\"794\" height=\"496\" src=\"https:\/\/www.antoniollarden.es\/wp-content\/uploads\/2023\/11\/Diseno-sin-titulo-20.png\" class=\"attachment-post-thumbnail size-post-thumbnail wp-post-image\" alt=\"\" srcset=\"https:\/\/www.antoniollarden.es\/wp-content\/uploads\/2023\/11\/Diseno-sin-titulo-20.png 794w, https:\/\/www.antoniollarden.es\/wp-content\/uploads\/2023\/11\/Diseno-sin-titulo-20-300x187.png 300w, https:\/\/www.antoniollarden.es\/wp-content\/uploads\/2023\/11\/Diseno-sin-titulo-20-768x480.png 768w, https:\/\/www.antoniollarden.es\/wp-content\/uploads\/2023\/11\/Diseno-sin-titulo-20-400x250.png 400w\" sizes=\"auto, (max-width: 794px) 100vw, 794px\" \/><h3><a href=\"https:\/\/www.antoniollarden.es\/en\/articulo\/europe-in-the-face-of-the-coming-winter\/\">Europe in the face of the coming winter<\/a><\/h3><p>Although the end of autumn is still weeks away, the cold weather has arrived in Europe and it is worth asking ourselves what kind of energy situation we are in and how calmly we Europeans are facing this second winter of war in Ukraine.<\/p><p><a href=\"https:\/\/www.antoniollarden.es\/en\/articulo\/europe-in-the-face-of-the-coming-winter\/\">...read more...<\/a><\/div><\/div>\n<p>[\/et_pb_text][\/et_pb_column][\/et_pb_row][\/et_pb_section][et_pb_section admin_label=&#8221;Secci\u00f3n&#8221; fullwidth=&#8221;off&#8221; specialty=&#8221;off&#8221; transparent_background=&#8221;off&#8221; background_color=&#8221;#c2be00&#8243; allow_player_pause=&#8221;off&#8221; inner_shadow=&#8221;off&#8221; parallax=&#8221;off&#8221; parallax_method=&#8221;off&#8221; padding_mobile=&#8221;off&#8221; make_fullwidth=&#8221;off&#8221; use_custom_width=&#8221;off&#8221; width_unit=&#8221;on&#8221; make_equal=&#8221;off&#8221; use_custom_gutter=&#8221;off&#8221; gutter_width=&#8221;3&#8243; custom_padding=&#8221;5px||0px|&#8221;][et_pb_row admin_label=&#8221;Fila&#8221; make_fullwidth=&#8221;off&#8221; use_custom_width=&#8221;off&#8221; width_unit=&#8221;on&#8221; use_custom_gutter=&#8221;off&#8221; gutter_width=&#8221;3&#8243; padding_mobile=&#8221;off&#8221; custom_margin=&#8221;0px||0px|&#8221; allow_player_pause=&#8221;off&#8221; parallax=&#8221;off&#8221; parallax_method=&#8221;off&#8221; make_equal=&#8221;off&#8221; parallax_1=&#8221;off&#8221; parallax_method_1=&#8221;off&#8221; column_padding_mobile=&#8221;on&#8221;][et_pb_column type=&#8221;4_4&#8243;][et_pb_text admin_label=&#8221;Texto&#8221; background_layout=&#8221;dark&#8221; text_orientation=&#8221;center&#8221; text_font_size=&#8221;14&#8243; use_border_color=&#8221;off&#8221; border_color=&#8221;#ffffff&#8221; border_style=&#8221;solid&#8221;]<\/p>\n<h2 style=\"text-align: left;\"><a name=\"en_medios\">In media<\/a><\/h2>\n<p>[\/et_pb_text][\/et_pb_column][\/et_pb_row][\/et_pb_section][et_pb_section admin_label=&#8221;Secci\u00f3n&#8221; fullwidth=&#8221;off&#8221; specialty=&#8221;off&#8221; transparent_background=&#8221;off&#8221; background_color=&#8221;#f8f8f8&#8243; allow_player_pause=&#8221;off&#8221; inner_shadow=&#8221;off&#8221; parallax=&#8221;off&#8221; parallax_method=&#8221;off&#8221; padding_mobile=&#8221;off&#8221; make_fullwidth=&#8221;off&#8221; use_custom_width=&#8221;off&#8221; width_unit=&#8221;on&#8221; make_equal=&#8221;off&#8221; use_custom_gutter=&#8221;off&#8221; gutter_width=&#8221;3&#8243;][et_pb_row admin_label=&#8221;Fila&#8221;][et_pb_column type=&#8221;4_4&#8243;][et_pb_text admin_label=&#8221;Texto&#8221; background_layout=&#8221;light&#8221; text_orientation=&#8221;left&#8221; text_font_size=&#8221;14&#8243; use_border_color=&#8221;off&#8221; border_color=&#8221;#ffffff&#8221; border_style=&#8221;solid&#8221;]<\/p>\n<div class=\"et_pb_blog_grid clearfix et_pb_module et_pb_bg_layout_light  et_pb_blog_0\"><style>.home .et_pb_post { min-height:210px; }<\/style><style>.mi-1de4 {width:22.7%;float:left; margin-right:3%;} article.mi-1de4-sin {margin-right:0;}<\/style><style>@media only screen and (max-width: 1000px){ .mi-1de4 {width:100%;float:left; margin-right:0;} }<\/style><article id=\"post-1647\" class=\"et_pb_post post-1647 post type-post status-publish format-standard has-post-thumbnail hentry category-sin-categoria mi-1de4 \"><h2 class=\"entry-title\"><a target=\"_blank\" href=\"https:\/\/www.lavanguardia.com\/economia\/20220324\/8151262\/politica-energetica-comun-coser-europa.html\">Una pol\u00edtica energ\u00e9tica com\u00fan para coser Europa<\/a><\/h2><p class=\"post-meta\">  <span class=\"published\">La Vanguardia | 24 Mar 2022<\/span>    <\/p><\/article><article id=\"post-1515\" class=\"et_pb_post post-1515 post type-post status-publish format-standard has-post-thumbnail hentry category-sin-categoria mi-1de4 \"><h2 class=\"entry-title\"><a target=\"_blank\" href=\"https:\/\/www.elperiodico.com\/es\/economia\/20211220\/hablemos-concreto-proyectos-recuperacion-13005345\">Hablemos de lo concreto: proyectos para la recuperaci\u00f3n<\/a><\/h2><p class=\"post-meta\">  <span class=\"published\">elPeri\u00f3dico | 20 Dec 2021<\/span>    <\/p><\/article><article id=\"post-1471\" class=\"et_pb_post post-1471 post type-post status-publish format-standard has-post-thumbnail hentry category-sin-categoria mi-1de4 \"><h2 class=\"entry-title\"><a target=\"_blank\" href=\"https:\/\/revistas.eleconomista.es\/energia\/2021\/julio\/descarbonizar-hoy-para-ser-neutros-en-carbono-en-2050-HB8542823\">Descarbonizar hoy para ser neutros en carbono en 2050<\/a><\/h2><p class=\"post-meta\">  <span class=\"published\">El Economista | 29 Jul 2021<\/span>    <\/p><\/article><article id=\"post-1432\" class=\"et_pb_post post-1432 post type-post status-publish format-standard has-post-thumbnail hentry category-sin-categoria mi-1de4  mi-1de4-sin\"><h2 class=\"entry-title\"><a target=\"_blank\" href=\"https:\/\/www.elespanol.com\/wakeupspain\/20210413\/antonio-llarden-enagas-transicion-energetica-irreversible-urgente\/573444049_0.html\">Antonio Llard\u00e9n (Enag\u00e1s) afirma que la transici\u00f3n energ\u00e9tica es &#8220;global, irreversible y urgente&#8221;<\/a><\/h2><p class=\"post-meta\">  <span class=\"published\">El Espa\u00f1ol | 13 Apr 2021<\/span>    <\/p><\/article><article id=\"post-1427\" class=\"et_pb_post post-1427 post type-post status-publish format-standard has-post-thumbnail hentry category-sin-categoria mi-1de4 \"><h2 class=\"entry-title\"><a target=\"_blank\" href=\"https:\/\/www.europapress.es\/economia\/noticia-llarden-enagas-defiende-gas-natural-jugara-papel-fundamental-transicion-energetica-20210412140415.html\">Llard\u00e9n (Enag\u00e1s) defiende que el gas natural jugar\u00e1 &#8220;un papel fundamental&#8221; en la transici\u00f3n energ\u00e9tica<\/a><\/h2><p class=\"post-meta\">  <span class=\"published\">Europapress | 12 Apr 2021<\/span>    <\/p><\/article><article id=\"post-1316\" class=\"et_pb_post post-1316 post type-post status-publish format-standard has-post-thumbnail hentry category-sin-categoria mi-1de4 \"><h2 class=\"entry-title\"><a target=\"_blank\" href=\"https:\/\/www.solarnews.es\/2020\/11\/13\/antonio-llarden-presidente-de-enagas-el-hidrogeno-verde-sera-clave-en-el-proceso-de-descarbonizacion\/\">Antonio Llard\u00e9n, presidente de Enag\u00e1s: \u00abEl hidr\u00f3geno verde ser\u00e1 clave en el proceso de descarbonizaci\u00f3n\u00bb<\/a><\/h2><p class=\"post-meta\">  <span class=\"published\">solarnews | 13 Nov 2020<\/span>    <\/p><\/article><article id=\"post-1247\" class=\"et_pb_post post-1247 post type-post status-publish format-standard has-post-thumbnail hentry category-sin-categoria mi-1de4 \"><h2 class=\"entry-title\"><a target=\"_blank\" href=\"https:\/\/www.youtube.com\/watch?v=6CvpmYKffZY\">Empresas Espa\u00f1olas Liderando el Futuro &#8211; Antonio Llarden<\/a><\/h2><p class=\"post-meta\">  <span class=\"published\">CEOETV | 15 Jun 2020<\/span>    <\/p><\/article><article id=\"post-1311\" class=\"et_pb_post post-1311 post type-post status-publish format-standard has-post-thumbnail hentry category-sin-categoria mi-1de4  mi-1de4-sin\"><h2 class=\"entry-title\"><a target=\"_blank\" href=\"https:\/\/www.lainformacion.com\/empresas\/llarden-enagas-reindustrializacion-gases-cumbre-ceoe-crisis-coronavirus\/2807799\/\">Llard\u00e9n (Enag\u00e1s) mira a los gases renovables para la &#8216;reindustrializaci\u00f3n&#8217;<\/a><\/h2><p class=\"post-meta\">  <span class=\"published\">La informaci\u00f3n | 15 Jun 2020<\/span>    <\/p><\/article><\/div><div class=\"pagination clearfix\"><div class=\"alignleft\"><a href=\"\/en-medios\/page\/2\/\">&laquo; Older Entries<\/a><\/div><\/div>\n<p>[\/et_pb_text][\/et_pb_column][\/et_pb_row][\/et_pb_section]<\/p>\n","protected":false},"excerpt":{"rendered":"<p>[et_pb_section admin_label=&#8221;section&#8221; background_image=&#8221;https:\/\/www.antoniollarden.es\/wp-content\/uploads\/2015\/12\/faldon-2.jpg&#8221; transparent_background=&#8221;off&#8221; allow_player_pause=&#8221;off&#8221; inner_shadow=&#8221;off&#8221; parallax=&#8221;off&#8221; parallax_method=&#8221;off&#8221; padding_mobile=&#8221;off&#8221; make_fullwidth=&#8221;off&#8221; use_custom_width=&#8221;off&#8221; width_unit=&#8221;on&#8221; make_equal=&#8221;off&#8221; use_custom_gutter=&#8221;off&#8221; gutter_width=&#8221;3&#8243; custom_padding=&#8221;100px||100px|&#8221;][et_pb_row admin_label=&#8221;Fila&#8221;][et_pb_column type=&#8221;1_2&#8243;][\/et_pb_column][et_pb_column type=&#8221;1_2&#8243;][et_pb_text admin_label=&#8221;Texto&#8221; background_layout=&#8221;dark&#8221; text_orientation=&#8221;right&#8221; text_font_size=&#8221;14&#8243; use_border_color=&#8221;off&#8221; border_color=&#8221;#ffffff&#8221; border_style=&#8221;solid&#8221;] &#8220;It is not possible to lead the energy sector without understanding the socio-political context. A global vision is needed, because energy is a sector without frontiers&#8221; [\/et_pb_text][\/et_pb_column][\/et_pb_row][\/et_pb_section][et_pb_section admin_label=&#8221;Secci\u00f3n&#8221; fullwidth=&#8221;off&#8221; [&hellip;]<\/p>\n","protected":false},"author":1,"featured_media":0,"parent":0,"menu_order":0,"comment_status":"closed","ping_status":"closed","template":"","meta":{"_et_pb_use_builder":"on","_et_pb_old_content":"","_et_gb_content_width":"","footnotes":""},"class_list":["post-389","page","type-page","status-publish","hentry"],"aioseo_notices":[],"_links":{"self":[{"href":"https:\/\/www.antoniollarden.es\/en\/wp-json\/wp\/v2\/pages\/389","targetHints":{"allow":["GET"]}}],"collection":[{"href":"https:\/\/www.antoniollarden.es\/en\/wp-json\/wp\/v2\/pages"}],"about":[{"href":"https:\/\/www.antoniollarden.es\/en\/wp-json\/wp\/v2\/types\/page"}],"author":[{"embeddable":true,"href":"https:\/\/www.antoniollarden.es\/en\/wp-json\/wp\/v2\/users\/1"}],"replies":[{"embeddable":true,"href":"https:\/\/www.antoniollarden.es\/en\/wp-json\/wp\/v2\/comments?post=389"}],"version-history":[{"count":6,"href":"https:\/\/www.antoniollarden.es\/en\/wp-json\/wp\/v2\/pages\/389\/revisions"}],"predecessor-version":[{"id":404,"href":"https:\/\/www.antoniollarden.es\/en\/wp-json\/wp\/v2\/pages\/389\/revisions\/404"}],"wp:attachment":[{"href":"https:\/\/www.antoniollarden.es\/en\/wp-json\/wp\/v2\/media?parent=389"}],"curies":[{"name":"wp","href":"https:\/\/api.w.org\/{rel}","templated":true}]}}